{"id":104,"date":"2021-09-03T18:12:49","date_gmt":"2021-09-03T18:12:49","guid":{"rendered":"http:\/\/turismonoar.com.br\/?page_id=104"},"modified":"2024-07-25T13:59:05","modified_gmt":"2024-07-25T13:59:05","slug":"anuncie-aqui","status":"publish","type":"page","link":"https:\/\/turismonoar.com.br\/index.php\/anuncie-aqui\/","title":{"rendered":"Anuncie Aqui"},"content":{"rendered":"\n<p>O <strong>Blog&nbsp;Turismo&nbsp;no&nbsp;Ar<\/strong>&nbsp;\u00e9 uma ferramenta de divulga\u00e7\u00e3o, promo\u00e7\u00e3o, servi\u00e7os e compartilhamento que traz temas atuais, tend\u00eancias, novidades e assuntos do Turismo local, regional e nacional, visando contribuir para o desenvolvimento econ\u00f4mico e social dos Destinos Tur\u00edsticos. Disponibilizamos uma audi\u00eancia e abrang\u00eancia para divulga\u00e7\u00e3o de produtos e servi\u00e7os, al\u00e9m de conte\u00fados informativos e publica\u00e7\u00f5es.<\/p>\n\n\n\n<p><strong>Fale com o nosso Departamento Comercial<\/strong><br>Celular\/WhatsApp: 84 99184-0707<br>E-mail: lopes-roberto@hotmail.com<\/p>\n\n\n\n<figure class=\"wp-block-table\"><table><tbody><tr><td class=\"has-text-align-center\" data-align=\"center\"><strong>\u00c1rea de Exibi\u00e7\u00e3o<\/strong><\/td><td class=\"has-text-align-center\" data-align=\"center\"><strong>Tamanho<\/strong><\/td><td class=\"has-text-align-center\" data-align=\"center\"><strong>Valor Trimestral<\/strong><\/td><td class=\"has-text-align-center\" data-align=\"center\"><strong> Valor Semestral <\/strong><\/td><\/tr><tr><td class=\"has-text-align-center\" data-align=\"center\">Banner \/ Topo &#8211; Em todas as sess\u00f5es<\/td><td class=\"has-text-align-center\" data-align=\"center\">728&#215;90<\/td><td class=\"has-text-align-center\" data-align=\"center\">R$ 300,00<\/td><td class=\"has-text-align-center\" data-align=\"center\"> R$ 500,00 <\/td><\/tr><tr><td class=\"has-text-align-center\" data-align=\"center\">Banner \/ Central 01 &#8211; P\u00e1gina Principal<\/td><td class=\"has-text-align-center\" data-align=\"center\">830&#215;140<\/td><td class=\"has-text-align-center\" data-align=\"center\">R$ 200,00<\/td><td class=\"has-text-align-center\" data-align=\"center\">R$ 400,00<\/td><\/tr><tr><td class=\"has-text-align-center\" data-align=\"center\">Banner \/ Central 02 &#8211; P\u00e1gina Principal<\/td><td class=\"has-text-align-center\" data-align=\"center\">830&#215;140<\/td><td class=\"has-text-align-center\" data-align=\"center\">R$ 150,00<\/td><td class=\"has-text-align-center\" data-align=\"center\">R$ 300,00<\/td><\/tr><tr><td class=\"has-text-align-center\" data-align=\"center\">Banner Retangular &#8211; Em todas as sess\u00f5es<\/td><td class=\"has-text-align-center\" data-align=\"center\">300&#215;500<\/td><td class=\"has-text-align-center\" data-align=\"center\">R$ 300,00<\/td><td class=\"has-text-align-center\" data-align=\"center\">R$ 500,00<\/td><\/tr><tr><td class=\"has-text-align-center\" data-align=\"center\">Banner Interno &#8211; M\u00e1teria Especif\u00edca<\/td><td class=\"has-text-align-center\" data-align=\"center\">830&#215;140<\/td><td class=\"has-text-align-center\" data-align=\"center\"><strong>Valor Tempor\u00e1rio<\/strong><br>R$ 150,00<\/td><td class=\"has-text-align-center\" data-align=\"center\"><strong>Valor Permanente<\/strong><br>R$ 200,00<\/td><\/tr><\/tbody><\/table><\/figure>\n\n\n\n<p><\/p>\n","protected":false},"excerpt":{"rendered":"<p>O Blog&nbsp;Turismo&nbsp;no&nbsp;Ar&nbsp;\u00e9 uma ferramenta de divulga\u00e7\u00e3o, promo\u00e7\u00e3o, servi\u00e7os e compartilhamento que traz temas atuais, tend\u00eancias, novidades e assuntos do Turismo<\/p>\n","protected":false},"author":1,"featured_media":0,"parent":0,"menu_order":0,"comment_status":"closed","ping_status":"closed","template":"","meta":[],"yoast_head":"<!-- This site is optimized with the Yoast SEO plugin v17.0 - https:\/\/yoast.com\/wordpress\/plugins\/seo\/ -->\n<title>Anuncie Aqui - Turismo no Ar<\/title>\n<meta name=\"robots\" content=\"index, follow, max-snippet:-1, max-image-preview:large, max-video-preview:-1\" \/>\n<link rel=\"canonical\" href=\"https:\/\/turismonoar.com.br\/index.php\/anuncie-aqui\/\" \/>\n<meta property=\"og:locale\" content=\"pt_BR\" \/>\n<meta property=\"og:type\" content=\"article\" \/>\n<meta property=\"og:title\" content=\"Anuncie Aqui - Turismo no Ar\" \/>\n<meta property=\"og:description\" content=\"O Blog&nbsp;Turismo&nbsp;no&nbsp;Ar&nbsp;\u00e9 uma ferramenta de divulga\u00e7\u00e3o, promo\u00e7\u00e3o, servi\u00e7os e compartilhamento que traz temas atuais, tend\u00eancias, novidades e assuntos do Turismo\" \/>\n<meta property=\"og:url\" content=\"https:\/\/turismonoar.com.br\/index.php\/anuncie-aqui\/\" \/>\n<meta property=\"og:site_name\" content=\"Turismo no Ar\" \/>\n<meta property=\"article:modified_time\" content=\"2024-07-25T13:59:05+00:00\" \/>\n<meta name=\"twitter:card\" content=\"summary_large_image\" \/>\n<meta name=\"twitter:label1\" content=\"Est. tempo de leitura\" \/>\n\t<meta name=\"twitter:data1\" content=\"1 minuto\" \/>\n<script type=\"application\/ld+json\" class=\"yoast-schema-graph\">{\"@context\":\"https:\/\/schema.org\",\"@graph\":[{\"@type\":\"WebSite\",\"@id\":\"http:\/\/turismonoar.com.br\/#website\",\"url\":\"http:\/\/turismonoar.com.br\/\",\"name\":\"Turismo no Ar\",\"description\":\"Por Paulo Lopes\",\"potentialAction\":[{\"@type\":\"SearchAction\",\"target\":{\"@type\":\"EntryPoint\",\"urlTemplate\":\"http:\/\/turismonoar.com.br\/?s={search_term_string}\"},\"query-input\":\"required name=search_term_string\"}],\"inLanguage\":\"pt-BR\"},{\"@type\":\"WebPage\",\"@id\":\"https:\/\/turismonoar.com.br\/index.php\/anuncie-aqui\/#webpage\",\"url\":\"https:\/\/turismonoar.com.br\/index.php\/anuncie-aqui\/\",\"name\":\"Anuncie Aqui - Turismo no Ar\",\"isPartOf\":{\"@id\":\"http:\/\/turismonoar.com.br\/#website\"},\"datePublished\":\"2021-09-03T18:12:49+00:00\",\"dateModified\":\"2024-07-25T13:59:05+00:00\",\"breadcrumb\":{\"@id\":\"https:\/\/turismonoar.com.br\/index.php\/anuncie-aqui\/#breadcrumb\"},\"inLanguage\":\"pt-BR\",\"potentialAction\":[{\"@type\":\"ReadAction\",\"target\":[\"https:\/\/turismonoar.com.br\/index.php\/anuncie-aqui\/\"]}]},{\"@type\":\"BreadcrumbList\",\"@id\":\"https:\/\/turismonoar.com.br\/index.php\/anuncie-aqui\/#breadcrumb\",\"itemListElement\":[{\"@type\":\"ListItem\",\"position\":1,\"name\":\"In\\u00edcio\",\"item\":\"http:\/\/turismonoar.com.br\/\"},{\"@type\":\"ListItem\",\"position\":2,\"name\":\"Anuncie Aqui\"}]}]}<\/script>\n<!-- \/ Yoast SEO plugin. -->","yoast_head_json":{"title":"Anuncie Aqui - Turismo no Ar","robots":{"index":"index","follow":"follow","max-snippet":"max-snippet:-1","max-image-preview":"max-image-preview:large","max-video-preview":"max-video-preview:-1"},"canonical":"https:\/\/turismonoar.com.br\/index.php\/anuncie-aqui\/","og_locale":"pt_BR","og_type":"article","og_title":"Anuncie Aqui - Turismo no Ar","og_description":"O Blog&nbsp;Turismo&nbsp;no&nbsp;Ar&nbsp;\u00e9 uma ferramenta de divulga\u00e7\u00e3o, promo\u00e7\u00e3o, servi\u00e7os e compartilhamento que traz temas atuais, tend\u00eancias, novidades e assuntos do Turismo","og_url":"https:\/\/turismonoar.com.br\/index.php\/anuncie-aqui\/","og_site_name":"Turismo no Ar","article_modified_time":"2024-07-25T13:59:05+00:00","twitter_card":"summary_large_image","twitter_misc":{"Est. tempo de leitura":"1 minuto"},"schema":{"@context":"https:\/\/schema.org","@graph":[{"@type":"WebSite","@id":"http:\/\/turismonoar.com.br\/#website","url":"http:\/\/turismonoar.com.br\/","name":"Turismo no Ar","description":"Por Paulo Lopes","potentialAction":[{"@type":"SearchAction","target":{"@type":"EntryPoint","urlTemplate":"http:\/\/turismonoar.com.br\/?s={search_term_string}"},"query-input":"required name=search_term_string"}],"inLanguage":"pt-BR"},{"@type":"WebPage","@id":"https:\/\/turismonoar.com.br\/index.php\/anuncie-aqui\/#webpage","url":"https:\/\/turismonoar.com.br\/index.php\/anuncie-aqui\/","name":"Anuncie Aqui - Turismo no Ar","isPartOf":{"@id":"http:\/\/turismonoar.com.br\/#website"},"datePublished":"2021-09-03T18:12:49+00:00","dateModified":"2024-07-25T13:59:05+00:00","breadcrumb":{"@id":"https:\/\/turismonoar.com.br\/index.php\/anuncie-aqui\/#breadcrumb"},"inLanguage":"pt-BR","potentialAction":[{"@type":"ReadAction","target":["https:\/\/turismonoar.com.br\/index.php\/anuncie-aqui\/"]}]},{"@type":"BreadcrumbList","@id":"https:\/\/turismonoar.com.br\/index.php\/anuncie-aqui\/#breadcrumb","itemListElement":[{"@type":"ListItem","position":1,"name":"In\u00edcio","item":"http:\/\/turismonoar.com.br\/"},{"@type":"ListItem","position":2,"name":"Anuncie Aqui"}]}]}},"_links":{"self":[{"href":"https:\/\/turismonoar.com.br\/index.php\/wp-json\/wp\/v2\/pages\/104"}],"collection":[{"href":"https:\/\/turismonoar.com.br\/index.php\/wp-json\/wp\/v2\/pages"}],"about":[{"href":"https:\/\/turismonoar.com.br\/index.php\/wp-json\/wp\/v2\/types\/page"}],"author":[{"embeddable":true,"href":"https:\/\/turismonoar.com.br\/index.php\/wp-json\/wp\/v2\/users\/1"}],"replies":[{"embeddable":true,"href":"https:\/\/turismonoar.com.br\/index.php\/wp-json\/wp\/v2\/comments?post=104"}],"version-history":[{"count":12,"href":"https:\/\/turismonoar.com.br\/index.php\/wp-json\/wp\/v2\/pages\/104\/revisions"}],"predecessor-version":[{"id":3050,"href":"https:\/\/turismonoar.com.br\/index.php\/wp-json\/wp\/v2\/pages\/104\/revisions\/3050"}],"wp:attachment":[{"href":"https:\/\/turismonoar.com.br\/index.php\/wp-json\/wp\/v2\/media?parent=104"}],"curies":[{"name":"wp","href":"https:\/\/api.w.org\/{rel}","templated":true}]}}