{"id":106,"date":"2021-09-03T18:13:00","date_gmt":"2021-09-03T18:13:00","guid":{"rendered":"http:\/\/turismonoar.com.br\/?page_id=106"},"modified":"2025-02-17T15:55:12","modified_gmt":"2025-02-17T15:55:12","slug":"sobre-o-autor","status":"publish","type":"page","link":"https:\/\/turismonoar.com.br\/index.php\/sobre-o-autor\/","title":{"rendered":"Sobre o Autor"},"content":{"rendered":"\n<p><strong>Paulo Roberto Lopes<\/strong> iniciou suas atividades acad\u00eamicas&nbsp;no&nbsp;setor do Turismo<strong> em 1977 na Universidade Cat\u00f3lica de Petr\u00f3polis-UCP\/RJ<\/strong>, passando pelos os Estados do <strong>Paran\u00e1, Santa Catarina e Rond\u00f4nia onde foi Diretor de Turismo do Estado<\/strong>, em <strong>1987 aportou na cidade do Natal\/RN<\/strong> para participar do <strong>Congresso Brasileiro das Ag\u00eancias de Viagens (ABAV\/1987).<\/strong><\/p>\n\n\n\n<div class=\"wp-block-media-text alignwide is-stacked-on-mobile\" style=\"grid-template-columns:39% auto\"><figure class=\"wp-block-media-text__media\"><img loading=\"lazy\" width=\"348\" height=\"415\" src=\"http:\/\/turismonoar.com.br\/wp-content\/uploads\/2022\/02\/perfil.jpg\" alt=\"\" class=\"wp-image-795 size-full\" srcset=\"https:\/\/turismonoar.com.br\/wp-content\/uploads\/2022\/02\/perfil.jpg 348w, https:\/\/turismonoar.com.br\/wp-content\/uploads\/2022\/02\/perfil-252x300.jpg 252w\" sizes=\"(max-width: 348px) 100vw, 348px\" \/><\/figure><div class=\"wp-block-media-text__content\">\n<p class=\"has-normal-font-size\">Foi secret\u00e1rio de<strong> Turismo de Touros e Maxaranguape<\/strong>, coordenou o Turismo\u00a0nos Munic\u00edpios de <strong>Natal, Extremoz e Parnamirim<\/strong>, exerceu fun\u00e7\u00f5es na<strong> Comiss\u00e3o de Turismo Integrado do\u00a0Nordeste &#8211; CTI\/NE<\/strong> participou da cria\u00e7\u00e3o do <strong>Natal Convention &amp; Visitors Bureau<\/strong> foi Diretor de Programas e Projetos do <strong>Instituto de Gest\u00e3o e Forma\u00e7\u00e3o em Turismo do Rio Grande do\u00a0Norte\/IGETUR<\/strong>, desde 2013. Vem atuando no segmento de Turismo da cidade de Parnamirim, exerceu, o cargo de <strong>Secret\u00e1rio Adjunto de Turismo do Munic\u00edpio de Parnamirim\/RN<\/strong>, at\u00e9 dezembro\/2024<\/p>\n<\/div><\/div>\n","protected":false},"excerpt":{"rendered":"<p>Paulo Roberto Lopes iniciou suas atividades acad\u00eamicas&nbsp;no&nbsp;setor do Turismo em 1977 na Universidade Cat\u00f3lica de Petr\u00f3polis-UCP\/RJ, passando pelos os Estados<\/p>\n","protected":false},"author":1,"featured_media":0,"parent":0,"menu_order":0,"comment_status":"closed","ping_status":"closed","template":"","meta":[],"yoast_head":"<!-- This site is optimized with the Yoast SEO plugin v17.0 - https:\/\/yoast.com\/wordpress\/plugins\/seo\/ -->\n<title>Sobre o Autor - Turismo no Ar<\/title>\n<meta name=\"robots\" content=\"index, follow, max-snippet:-1, max-image-preview:large, max-video-preview:-1\" \/>\n<link rel=\"canonical\" href=\"https:\/\/turismonoar.com.br\/index.php\/sobre-o-autor\/\" \/>\n<meta property=\"og:locale\" content=\"pt_BR\" \/>\n<meta property=\"og:type\" content=\"article\" \/>\n<meta property=\"og:title\" content=\"Sobre o Autor - Turismo no Ar\" \/>\n<meta property=\"og:description\" content=\"Paulo Roberto Lopes iniciou suas atividades acad\u00eamicas&nbsp;no&nbsp;setor do Turismo em 1977 na Universidade Cat\u00f3lica de Petr\u00f3polis-UCP\/RJ, passando pelos os Estados\" \/>\n<meta property=\"og:url\" content=\"https:\/\/turismonoar.com.br\/index.php\/sobre-o-autor\/\" \/>\n<meta property=\"og:site_name\" content=\"Turismo no Ar\" \/>\n<meta property=\"article:modified_time\" content=\"2025-02-17T15:55:12+00:00\" \/>\n<meta property=\"og:image\" content=\"http:\/\/turismonoar.com.br\/wp-content\/uploads\/2022\/02\/perfil.jpg\" \/>\n<meta name=\"twitter:card\" content=\"summary_large_image\" \/>\n<meta name=\"twitter:label1\" content=\"Est. tempo de leitura\" \/>\n\t<meta name=\"twitter:data1\" content=\"1 minuto\" \/>\n<script type=\"application\/ld+json\" class=\"yoast-schema-graph\">{\"@context\":\"https:\/\/schema.org\",\"@graph\":[{\"@type\":\"WebSite\",\"@id\":\"https:\/\/turismonoar.com.br\/#website\",\"url\":\"https:\/\/turismonoar.com.br\/\",\"name\":\"Turismo no Ar\",\"description\":\"Por Paulo Lopes\",\"potentialAction\":[{\"@type\":\"SearchAction\",\"target\":{\"@type\":\"EntryPoint\",\"urlTemplate\":\"https:\/\/turismonoar.com.br\/?s={search_term_string}\"},\"query-input\":\"required name=search_term_string\"}],\"inLanguage\":\"pt-BR\"},{\"@type\":\"ImageObject\",\"@id\":\"https:\/\/turismonoar.com.br\/index.php\/sobre-o-autor\/#primaryimage\",\"inLanguage\":\"pt-BR\",\"url\":\"http:\/\/turismonoar.com.br\/wp-content\/uploads\/2022\/02\/perfil.jpg\",\"contentUrl\":\"http:\/\/turismonoar.com.br\/wp-content\/uploads\/2022\/02\/perfil.jpg\"},{\"@type\":\"WebPage\",\"@id\":\"https:\/\/turismonoar.com.br\/index.php\/sobre-o-autor\/#webpage\",\"url\":\"https:\/\/turismonoar.com.br\/index.php\/sobre-o-autor\/\",\"name\":\"Sobre o Autor - Turismo no Ar\",\"isPartOf\":{\"@id\":\"https:\/\/turismonoar.com.br\/#website\"},\"primaryImageOfPage\":{\"@id\":\"https:\/\/turismonoar.com.br\/index.php\/sobre-o-autor\/#primaryimage\"},\"datePublished\":\"2021-09-03T18:13:00+00:00\",\"dateModified\":\"2025-02-17T15:55:12+00:00\",\"breadcrumb\":{\"@id\":\"https:\/\/turismonoar.com.br\/index.php\/sobre-o-autor\/#breadcrumb\"},\"inLanguage\":\"pt-BR\",\"potentialAction\":[{\"@type\":\"ReadAction\",\"target\":[\"https:\/\/turismonoar.com.br\/index.php\/sobre-o-autor\/\"]}]},{\"@type\":\"BreadcrumbList\",\"@id\":\"https:\/\/turismonoar.com.br\/index.php\/sobre-o-autor\/#breadcrumb\",\"itemListElement\":[{\"@type\":\"ListItem\",\"position\":1,\"name\":\"In\\u00edcio\",\"item\":\"https:\/\/turismonoar.com.br\/\"},{\"@type\":\"ListItem\",\"position\":2,\"name\":\"Sobre o Autor\"}]}]}<\/script>\n<!-- \/ Yoast SEO plugin. -->","yoast_head_json":{"title":"Sobre o Autor - Turismo no Ar","robots":{"index":"index","follow":"follow","max-snippet":"max-snippet:-1","max-image-preview":"max-image-preview:large","max-video-preview":"max-video-preview:-1"},"canonical":"https:\/\/turismonoar.com.br\/index.php\/sobre-o-autor\/","og_locale":"pt_BR","og_type":"article","og_title":"Sobre o Autor - Turismo no Ar","og_description":"Paulo Roberto Lopes iniciou suas atividades acad\u00eamicas&nbsp;no&nbsp;setor do Turismo em 1977 na Universidade Cat\u00f3lica de Petr\u00f3polis-UCP\/RJ, passando pelos os Estados","og_url":"https:\/\/turismonoar.com.br\/index.php\/sobre-o-autor\/","og_site_name":"Turismo no Ar","article_modified_time":"2025-02-17T15:55:12+00:00","og_image":[{"url":"http:\/\/turismonoar.com.br\/wp-content\/uploads\/2022\/02\/perfil.jpg"}],"twitter_card":"summary_large_image","twitter_misc":{"Est. tempo de leitura":"1 minuto"},"schema":{"@context":"https:\/\/schema.org","@graph":[{"@type":"WebSite","@id":"https:\/\/turismonoar.com.br\/#website","url":"https:\/\/turismonoar.com.br\/","name":"Turismo no Ar","description":"Por Paulo Lopes","potentialAction":[{"@type":"SearchAction","target":{"@type":"EntryPoint","urlTemplate":"https:\/\/turismonoar.com.br\/?s={search_term_string}"},"query-input":"required name=search_term_string"}],"inLanguage":"pt-BR"},{"@type":"ImageObject","@id":"https:\/\/turismonoar.com.br\/index.php\/sobre-o-autor\/#primaryimage","inLanguage":"pt-BR","url":"http:\/\/turismonoar.com.br\/wp-content\/uploads\/2022\/02\/perfil.jpg","contentUrl":"http:\/\/turismonoar.com.br\/wp-content\/uploads\/2022\/02\/perfil.jpg"},{"@type":"WebPage","@id":"https:\/\/turismonoar.com.br\/index.php\/sobre-o-autor\/#webpage","url":"https:\/\/turismonoar.com.br\/index.php\/sobre-o-autor\/","name":"Sobre o Autor - Turismo no Ar","isPartOf":{"@id":"https:\/\/turismonoar.com.br\/#website"},"primaryImageOfPage":{"@id":"https:\/\/turismonoar.com.br\/index.php\/sobre-o-autor\/#primaryimage"},"datePublished":"2021-09-03T18:13:00+00:00","dateModified":"2025-02-17T15:55:12+00:00","breadcrumb":{"@id":"https:\/\/turismonoar.com.br\/index.php\/sobre-o-autor\/#breadcrumb"},"inLanguage":"pt-BR","potentialAction":[{"@type":"ReadAction","target":["https:\/\/turismonoar.com.br\/index.php\/sobre-o-autor\/"]}]},{"@type":"BreadcrumbList","@id":"https:\/\/turismonoar.com.br\/index.php\/sobre-o-autor\/#breadcrumb","itemListElement":[{"@type":"ListItem","position":1,"name":"In\u00edcio","item":"https:\/\/turismonoar.com.br\/"},{"@type":"ListItem","position":2,"name":"Sobre o Autor"}]}]}},"_links":{"self":[{"href":"https:\/\/turismonoar.com.br\/index.php\/wp-json\/wp\/v2\/pages\/106"}],"collection":[{"href":"https:\/\/turismonoar.com.br\/index.php\/wp-json\/wp\/v2\/pages"}],"about":[{"href":"https:\/\/turismonoar.com.br\/index.php\/wp-json\/wp\/v2\/types\/page"}],"author":[{"embeddable":true,"href":"https:\/\/turismonoar.com.br\/index.php\/wp-json\/wp\/v2\/users\/1"}],"replies":[{"embeddable":true,"href":"https:\/\/turismonoar.com.br\/index.php\/wp-json\/wp\/v2\/comments?post=106"}],"version-history":[{"count":12,"href":"https:\/\/turismonoar.com.br\/index.php\/wp-json\/wp\/v2\/pages\/106\/revisions"}],"predecessor-version":[{"id":3348,"href":"https:\/\/turismonoar.com.br\/index.php\/wp-json\/wp\/v2\/pages\/106\/revisions\/3348"}],"wp:attachment":[{"href":"https:\/\/turismonoar.com.br\/index.php\/wp-json\/wp\/v2\/media?parent=106"}],"curies":[{"name":"wp","href":"https:\/\/api.w.org\/{rel}","templated":true}]}}